{"id":1686,"date":"2022-06-05T21:37:45","date_gmt":"2022-06-06T00:37:45","guid":{"rendered":"https:\/\/fitsglobal.com.br\/cidades\/?page_id=1686"},"modified":"2022-09-29T21:16:47","modified_gmt":"2022-09-30T00:16:47","slug":"dialogos2022","status":"publish","type":"page","link":"https:\/\/fitsglobal.com.br\/cidades\/dialogos2022\/","title":{"rendered":"Di\u00e1logos 2022"},"content":{"rendered":"\n<h2 class=\"has-text-align-center wp-block-heading\">DI\u00c1LOGOS COM A CIDADE <\/h2>\n\n\n\n<p class=\"has-text-align-center\">As ideias e opini\u00f5es expressas pelos palestrantes s\u00e3o de exclusiva responsabilidade de seus autores, n\u00e3o refletindo necessariamente a posi\u00e7\u00e3o do FITS.<\/p>\n\n\n\n<p><\/p>\n\n\n\n<p><\/p>\n\n\n\n<div class=\"wp-block-columns is-layout-flex wp-container-core-columns-is-layout-9d6595d7 wp-block-columns-is-layout-flex\">\n<div class=\"wp-block-column is-layout-flow wp-block-column-is-layout-flow\" style=\"flex-basis:50%\">\n<figure class=\"wp-block-image size-large\"><img loading=\"lazy\" decoding=\"async\" width=\"1024\" height=\"133\" src=\"https:\/\/fitsglobal.com.br\/cidades\/wp-content\/uploads\/2022\/09\/banner_dialogos_cidades_carrossel_3-1024x133.png\" alt=\"\" class=\"wp-image-1879\" srcset=\"https:\/\/fitsglobal.com.br\/cidades\/wp-content\/uploads\/2022\/09\/banner_dialogos_cidades_carrossel_3-1024x133.png 1024w, https:\/\/fitsglobal.com.br\/cidades\/wp-content\/uploads\/2022\/09\/banner_dialogos_cidades_carrossel_3-300x39.png 300w, https:\/\/fitsglobal.com.br\/cidades\/wp-content\/uploads\/2022\/09\/banner_dialogos_cidades_carrossel_3-768x100.png 768w, https:\/\/fitsglobal.com.br\/cidades\/wp-content\/uploads\/2022\/09\/banner_dialogos_cidades_carrossel_3-1536x200.png 1536w, https:\/\/fitsglobal.com.br\/cidades\/wp-content\/uploads\/2022\/09\/banner_dialogos_cidades_carrossel_3.png 1920w\" sizes=\"auto, (max-width: 1024px) 100vw, 1024px\" \/><\/figure>\n\n\n\n<iframe loading=\"lazy\" allow=\"fullscreen;\" allowfullscreen=\"\" class=\"jmvplayer\" frameborder=\"0\" src=\"https:\/\/player.jmvstream.com\/vgaEMEesRGJdlSBsCd7G3Ifa4pVi9x\/crqt0r7ut764ho9\" width=\"640\" height=\"330\"><\/iframe>\n<\/div>\n\n\n\n<div class=\"wp-block-column is-layout-flow wp-block-column-is-layout-flow\" style=\"flex-basis:50%\">\n<figure class=\"wp-block-image size-large\"><img loading=\"lazy\" decoding=\"async\" width=\"1024\" height=\"133\" src=\"https:\/\/fitsglobal.com.br\/cidades\/wp-content\/uploads\/2022\/08\/banner_dialogos_cidades_carrossel_2-1-1-1024x133.png\" alt=\"\" class=\"wp-image-1789\" srcset=\"https:\/\/fitsglobal.com.br\/cidades\/wp-content\/uploads\/2022\/08\/banner_dialogos_cidades_carrossel_2-1-1-1024x133.png 1024w, https:\/\/fitsglobal.com.br\/cidades\/wp-content\/uploads\/2022\/08\/banner_dialogos_cidades_carrossel_2-1-1-300x39.png 300w, https:\/\/fitsglobal.com.br\/cidades\/wp-content\/uploads\/2022\/08\/banner_dialogos_cidades_carrossel_2-1-1-768x100.png 768w, https:\/\/fitsglobal.com.br\/cidades\/wp-content\/uploads\/2022\/08\/banner_dialogos_cidades_carrossel_2-1-1-1536x200.png 1536w, https:\/\/fitsglobal.com.br\/cidades\/wp-content\/uploads\/2022\/08\/banner_dialogos_cidades_carrossel_2-1-1.png 1920w\" sizes=\"auto, (max-width: 1024px) 100vw, 1024px\" \/><\/figure>\n\n\n\n<iframe loading=\"lazy\" allow=\"fullscreen;\" allowfullscreen=\"\" class=\"jmvplayer\" frameborder=\"0\" src=\"https:\/\/player.jmvstream.com\/vgaEMEesRGJdlSBsCd7G3Ifa4pVi9x\/17eo2ss96749381\" width=\"640\" height=\"330\"><\/iframe>\n<\/div>\n<\/div>\n\n\n\n<div class=\"wp-block-columns is-layout-flex wp-container-core-columns-is-layout-9d6595d7 wp-block-columns-is-layout-flex\">\n<div class=\"wp-block-column is-layout-flow wp-block-column-is-layout-flow\" style=\"flex-basis:50%\">\n<figure class=\"wp-block-image size-large\"><img loading=\"lazy\" decoding=\"async\" width=\"1024\" height=\"133\" src=\"https:\/\/fitsglobal.com.br\/cidades\/wp-content\/uploads\/2022\/06\/banner_dialogos_cidades_carrossel_1-1-1024x133.png\" alt=\"\" class=\"wp-image-1667\" srcset=\"https:\/\/fitsglobal.com.br\/cidades\/wp-content\/uploads\/2022\/06\/banner_dialogos_cidades_carrossel_1-1-1024x133.png 1024w, https:\/\/fitsglobal.com.br\/cidades\/wp-content\/uploads\/2022\/06\/banner_dialogos_cidades_carrossel_1-1-300x39.png 300w, https:\/\/fitsglobal.com.br\/cidades\/wp-content\/uploads\/2022\/06\/banner_dialogos_cidades_carrossel_1-1-768x100.png 768w, https:\/\/fitsglobal.com.br\/cidades\/wp-content\/uploads\/2022\/06\/banner_dialogos_cidades_carrossel_1-1-1536x200.png 1536w, https:\/\/fitsglobal.com.br\/cidades\/wp-content\/uploads\/2022\/06\/banner_dialogos_cidades_carrossel_1-1.png 1920w\" sizes=\"auto, (max-width: 1024px) 100vw, 1024px\" \/><\/figure>\n\n\n\n<iframe loading=\"lazy\" allow=\"fullscreen;\" allowfullscreen=\"\" class=\"jmvplayer\" frameborder=\"0\" src=\"https:\/\/player.jmvstream.com\/vgaEMEesRGJdlSBsCd7G3Ifa4pVi9x\/g9wdz2526f5xser\" width=\"640\" height=\"330\"><\/iframe>\n<\/div>\n\n\n\n<div class=\"wp-block-column is-layout-flow wp-block-column-is-layout-flow\" style=\"flex-basis:50%\"><\/div>\n<\/div>\n\n\n\n<p><\/p>\n\n\n\n<p><\/p>\n\n\n\n<p><\/p>\n\n\n\n<p><\/p>\n","protected":false},"excerpt":{"rendered":"<p>DI\u00c1LOGOS COM A CIDADE As ideias e opini\u00f5es expressas pelos palestrantes s\u00e3o de exclusiva responsabilidade de seus autores, n\u00e3o refletindo necessariamente a posi\u00e7\u00e3o do FITS.<\/p>\n","protected":false},"author":1,"featured_media":0,"parent":0,"menu_order":0,"comment_status":"closed","ping_status":"closed","template":"","meta":{"advgb_blocks_editor_width":"","advgb_blocks_columns_visual_guide":"","spay_email":"","footnotes":""},"class_list":["post-1686","page","type-page","status-publish","hentry"],"coauthors":[],"author_meta":{"author_link":"https:\/\/fitsglobal.com.br\/cidades\/author\/ivan\/","display_name":"ivan"},"relative_dates":{"created":"Posted 4 anos ago","modified":"Updated 4 anos ago"},"absolute_dates":{"created":"Posted on 5 de junho de 2022","modified":"Updated on 29 de setembro de 2022"},"absolute_dates_time":{"created":"Posted on 5 de junho de 2022 21:37","modified":"Updated on 29 de setembro de 2022 21:16"},"featured_img_caption":"","featured_img":false,"series_order":"","_links":{"self":[{"href":"https:\/\/fitsglobal.com.br\/cidades\/wp-json\/wp\/v2\/pages\/1686","targetHints":{"allow":["GET"]}}],"collection":[{"href":"https:\/\/fitsglobal.com.br\/cidades\/wp-json\/wp\/v2\/pages"}],"about":[{"href":"https:\/\/fitsglobal.com.br\/cidades\/wp-json\/wp\/v2\/types\/page"}],"author":[{"embeddable":true,"href":"https:\/\/fitsglobal.com.br\/cidades\/wp-json\/wp\/v2\/users\/1"}],"replies":[{"embeddable":true,"href":"https:\/\/fitsglobal.com.br\/cidades\/wp-json\/wp\/v2\/comments?post=1686"}],"version-history":[{"count":27,"href":"https:\/\/fitsglobal.com.br\/cidades\/wp-json\/wp\/v2\/pages\/1686\/revisions"}],"predecessor-version":[{"id":1886,"href":"https:\/\/fitsglobal.com.br\/cidades\/wp-json\/wp\/v2\/pages\/1686\/revisions\/1886"}],"wp:attachment":[{"href":"https:\/\/fitsglobal.com.br\/cidades\/wp-json\/wp\/v2\/media?parent=1686"}],"curies":[{"name":"wp","href":"https:\/\/api.w.org\/{rel}","templated":true}]}}